{"id":1909,"date":"2025-03-21T08:31:24","date_gmt":"2025-03-21T08:31:24","guid":{"rendered":"https:\/\/tqcamera.com\/?page_id=1909"},"modified":"2025-04-07T05:29:14","modified_gmt":"2025-04-07T05:29:14","slug":"company-environment","status":"publish","type":"page","link":"https:\/\/tqcamera.com\/es\/company-environment\/","title":{"rendered":"Entorno empresarial"},"content":{"rendered":"<div data-elementor-type=\"wp-page\" data-elementor-id=\"1909\" class=\"elementor elementor-1909\">\n\t\t\t\t<div class=\"elementor-element elementor-element-ftrpp4u e-flex e-con-boxed e-con e-parent\" data-id=\"ftrpp4u\" data-element_type=\"container\" data-settings=\"{&quot;background_background&quot;:&quot;classic&quot;}\">\n\t\t\t\t\t<div class=\"e-con-inner\">\n\t\t<div class=\"elementor-element elementor-element-d4f38d4 e-con-full e-flex e-con e-child\" data-id=\"d4f38d4\" data-element_type=\"container\">\n\t\t\t\t<div class=\"elementor-element elementor-element-63d7f54 elementor-widget elementor-widget-heading\" data-id=\"63d7f54\" data-element_type=\"widget\" data-widget_type=\"heading.default\">\n\t\t\t\t<div class=\"elementor-widget-container\">\n\t\t\t\t\t<h1 class=\"elementor-heading-title elementor-size-default\">Entorno empresarial<\/h1>\t\t\t\t<\/div>\n\t\t\t\t<\/div>\n\t\t\t\t<\/div>\n\t\t\t\t\t<\/div>\n\t\t\t\t<\/div>\n\t\t<div class=\"elementor-element elementor-element-jxvle7h e-flex e-con-boxed e-con e-parent\" data-id=\"jxvle7h\" data-element_type=\"container\" data-settings=\"{&quot;background_background&quot;:&quot;classic&quot;}\">\n\t\t\t\t\t<div class=\"e-con-inner\">\n\t\t<div class=\"elementor-element elementor-element-778b85e e-con-full e-flex e-con e-child\" data-id=\"778b85e\" data-element_type=\"container\">\n\t\t<div class=\"elementor-element elementor-element-0691c8b e-flex e-con-boxed e-con e-child\" data-id=\"0691c8b\" data-element_type=\"container\">\n\t\t\t\t\t<div class=\"e-con-inner\">\n\t\t\t\t<div class=\"elementor-element elementor-element-194cb5c elementor-widget__width-initial elementor-widget-mobile__width-inherit elementor-widget elementor-widget-text-editor\" data-id=\"194cb5c\" data-element_type=\"widget\" data-widget_type=\"text-editor.default\">\n\t\t\t\t<div class=\"elementor-widget-container\">\n\t\t\t\t\t\t\t\t\t<p>Shenzhen Tuqiang IoT Technology Co. Ltd. (Tuqiang), como l\u00edder en el campo de la tecnolog\u00eda IoT, se centra en soluciones de nube a extremo basadas en la localizaci\u00f3n. La empresa es \u00fanica en el sector de IoT gracias a su gran capacidad de I+D de software y hardware. Los fundadores y miembros del equipo principal de Tuqiang cuentan con m\u00e1s de 20 a\u00f1os de experiencia en el sector del IoT y son aut\u00e9nticos veteranos de la industria. No s\u00f3lo fundaron Tuqiang, sino que tambi\u00e9n fundaron o cofundaron muchas marcas que se encuentran entre las mejores en diversos segmentos de IoT.<\/p>\t\t\t\t\t\t\t\t<\/div>\n\t\t\t\t<\/div>\n\t\t\t\t\t<\/div>\n\t\t\t\t<\/div>\n\t\t\t\t<div class=\"elementor-element elementor-element-bc38705 elementor-widget-divider--view-line elementor-widget elementor-widget-divider\" data-id=\"bc38705\" data-element_type=\"widget\" data-widget_type=\"divider.default\">\n\t\t\t\t<div class=\"elementor-widget-container\">\n\t\t\t\t\t\t\t<div class=\"elementor-divider\">\n\t\t\t<span class=\"elementor-divider-separator\">\n\t\t\t\t\t\t<\/span>\n\t\t<\/div>\n\t\t\t\t\t\t<\/div>\n\t\t\t\t<\/div>\n\t\t<div class=\"elementor-element elementor-element-ec56c95 e-flex e-con-boxed e-con e-child\" data-id=\"ec56c95\" data-element_type=\"container\">\n\t\t\t\t\t<div class=\"e-con-inner\">\n\t\t\t\t<div class=\"elementor-element elementor-element-1e621b7 elementor-widget__width-initial elementor-widget-mobile__width-initial elementor-widget elementor-widget-counter\" data-id=\"1e621b7\" data-element_type=\"widget\" data-widget_type=\"counter.default\">\n\t\t\t\t<div class=\"elementor-widget-container\">\n\t\t\t\t\t\t\t<div class=\"elementor-counter\">\n\t\t\t<div class=\"elementor-counter-title\">M\u00faltiples certificados nacionales de patentes<\/div>\t\t\t<div class=\"elementor-counter-number-wrapper\">\n\t\t\t\t<span class=\"elementor-counter-number-prefix\"><\/span>\n\t\t\t\t<span class=\"elementor-counter-number\" data-duration=\"2000\" data-to-value=\"400\" data-from-value=\"0\" data-delimiter=\",\">0<\/span>\n\t\t\t\t<span class=\"elementor-counter-number-suffix\">+<\/span>\n\t\t\t<\/div>\n\t\t<\/div>\n\t\t\t\t\t\t<\/div>\n\t\t\t\t<\/div>\n\t\t\t\t<div class=\"elementor-element elementor-element-31de3f2 elementor-widget__width-initial elementor-widget-mobile__width-initial elementor-widget elementor-widget-counter\" data-id=\"31de3f2\" data-element_type=\"widget\" data-widget_type=\"counter.default\">\n\t\t\t\t<div class=\"elementor-widget-container\">\n\t\t\t\t\t\t\t<div class=\"elementor-counter\">\n\t\t\t<div class=\"elementor-counter-title\">A\u00f1os de experiencia con orgullo<\/div>\t\t\t<div class=\"elementor-counter-number-wrapper\">\n\t\t\t\t<span class=\"elementor-counter-number-prefix\"><\/span>\n\t\t\t\t<span class=\"elementor-counter-number\" data-duration=\"2000\" data-to-value=\"10\" data-from-value=\"0\">0<\/span>\n\t\t\t\t<span class=\"elementor-counter-number-suffix\">+<\/span>\n\t\t\t<\/div>\n\t\t<\/div>\n\t\t\t\t\t\t<\/div>\n\t\t\t\t<\/div>\n\t\t\t\t<div class=\"elementor-element elementor-element-d8349de elementor-widget__width-initial elementor-widget-mobile__width-initial elementor-widget elementor-widget-counter\" data-id=\"d8349de\" data-element_type=\"widget\" data-widget_type=\"counter.default\">\n\t\t\t\t<div class=\"elementor-widget-container\">\n\t\t\t\t\t\t\t<div class=\"elementor-counter\">\n\t\t\t<div class=\"elementor-counter-title\">Equipo de I+D independiente de la marca<\/div>\t\t\t<div class=\"elementor-counter-number-wrapper\">\n\t\t\t\t<span class=\"elementor-counter-number-prefix\"><\/span>\n\t\t\t\t<span class=\"elementor-counter-number\" data-duration=\"2000\" data-to-value=\"200\" data-from-value=\"0\">0<\/span>\n\t\t\t\t<span class=\"elementor-counter-number-suffix\">+<\/span>\n\t\t\t<\/div>\n\t\t<\/div>\n\t\t\t\t\t\t<\/div>\n\t\t\t\t<\/div>\n\t\t\t\t<div class=\"elementor-element elementor-element-fc566c2 elementor-widget__width-initial elementor-widget-mobile__width-initial elementor-widget elementor-widget-counter\" data-id=\"fc566c2\" data-element_type=\"widget\" data-widget_type=\"counter.default\">\n\t\t\t\t<div class=\"elementor-widget-container\">\n\t\t\t\t\t\t\t<div class=\"elementor-counter\">\n\t\t\t<div class=\"elementor-counter-title\">N\u00famero de dispositivos en l\u00ednea<\/div>\t\t\t<div class=\"elementor-counter-number-wrapper\">\n\t\t\t\t<span class=\"elementor-counter-number-prefix\"><\/span>\n\t\t\t\t<span class=\"elementor-counter-number\" data-duration=\"500\" data-to-value=\"600\" data-from-value=\"0\">0<\/span>\n\t\t\t\t<span class=\"elementor-counter-number-suffix\">W+<\/span>\n\t\t\t<\/div>\n\t\t<\/div>\n\t\t\t\t\t\t<\/div>\n\t\t\t\t<\/div>\n\t\t\t\t\t<\/div>\n\t\t\t\t<\/div>\n\t\t\t\t<\/div>\n\t\t\t\t\t<\/div>\n\t\t\t\t<\/div>\n\t\t<div class=\"elementor-element elementor-element-2e99633a e-flex e-con-boxed e-con e-parent\" data-id=\"2e99633a\" data-element_type=\"container\" data-settings=\"{&quot;background_background&quot;:&quot;classic&quot;}\">\n\t\t\t\t\t<div class=\"e-con-inner\">\n\t\t<div class=\"elementor-element elementor-element-629bca42 e-con-full e-flex e-con e-child\" data-id=\"629bca42\" data-element_type=\"container\">\n\t\t<div class=\"elementor-element elementor-element-124f7054 e-con-full e-flex e-con e-child\" data-id=\"124f7054\" data-element_type=\"container\">\n\t\t<div class=\"elementor-element elementor-element-f8e7f6f e-con-full e-flex e-con e-child\" data-id=\"f8e7f6f\" data-element_type=\"container\">\n\t\t\t\t<div class=\"elementor-element elementor-element-4f92c9d7 elementor-widget elementor-widget-heading\" data-id=\"4f92c9d7\" data-element_type=\"widget\" data-widget_type=\"heading.default\">\n\t\t\t\t<div class=\"elementor-widget-container\">\n\t\t\t\t\t<h2 class=\"elementor-heading-title elementor-size-default\">Entorno empresarial<\/h2>\t\t\t\t<\/div>\n\t\t\t\t<\/div>\n\t\t\t\t<\/div>\n\t\t\t\t<\/div>\n\t\t<div class=\"elementor-element elementor-element-4bd46394 e-con-full e-flex e-con e-child\" data-id=\"4bd46394\" data-element_type=\"container\">\n\t\t<div class=\"elementor-element elementor-element-695d9b56 e-con-full e-flex e-con e-child\" data-id=\"695d9b56\" data-element_type=\"container\">\n\t\t\t\t<div class=\"elementor-element elementor-element-fef6488 elementor-position-top elementor-widget elementor-widget-image-box\" data-id=\"fef6488\" data-element_type=\"widget\" data-widget_type=\"image-box.default\">\n\t\t\t\t<div class=\"elementor-widget-container\">\n\t\t\t\t\t<div class=\"elementor-image-box-wrapper\"><figure class=\"elementor-image-box-img\"><img fetchpriority=\"high\" decoding=\"async\" width=\"560\" height=\"322\" src=\"https:\/\/tqcamera.com\/wp-content\/uploads\/2025\/03\/about-us-tuqiang01.webp\" class=\"attachment-full size-full wp-image-1093\" alt=\"about us tuqiang01\" srcset=\"https:\/\/tqcamera.com\/wp-content\/uploads\/2025\/03\/about-us-tuqiang01.webp 560w, https:\/\/tqcamera.com\/wp-content\/uploads\/2025\/03\/about-us-tuqiang01-300x173.webp 300w\" sizes=\"(max-width: 560px) 100vw, 560px\" \/><\/figure><div class=\"elementor-image-box-content\"><h3 class=\"elementor-image-box-title\">Empresa Tuqiang<\/h3><\/div><\/div>\t\t\t\t<\/div>\n\t\t\t\t<\/div>\n\t\t\t\t<\/div>\n\t\t<div class=\"elementor-element elementor-element-1a409b69 e-con-full e-flex e-con e-child\" data-id=\"1a409b69\" data-element_type=\"container\">\n\t\t\t\t<div class=\"elementor-element elementor-element-3debb340 elementor-position-top elementor-widget elementor-widget-image-box\" data-id=\"3debb340\" data-element_type=\"widget\" data-widget_type=\"image-box.default\">\n\t\t\t\t<div class=\"elementor-widget-container\">\n\t\t\t\t\t<div class=\"elementor-image-box-wrapper\"><figure class=\"elementor-image-box-img\"><img decoding=\"async\" width=\"560\" height=\"322\" src=\"https:\/\/tqcamera.com\/wp-content\/uploads\/2025\/03\/tuqiangno1.webp\" class=\"attachment-full size-full wp-image-1096\" alt=\"tuqiang Trophies\" srcset=\"https:\/\/tqcamera.com\/wp-content\/uploads\/2025\/03\/tuqiangno1.webp 560w, https:\/\/tqcamera.com\/wp-content\/uploads\/2025\/03\/tuqiangno1-300x173.webp 300w\" sizes=\"(max-width: 560px) 100vw, 560px\" \/><\/figure><div class=\"elementor-image-box-content\"><h3 class=\"elementor-image-box-title\">Trofeo de Honor<\/h3><\/div><\/div>\t\t\t\t<\/div>\n\t\t\t\t<\/div>\n\t\t\t\t<\/div>\n\t\t<div class=\"elementor-element elementor-element-66a565dd e-con-full e-flex e-con e-child\" data-id=\"66a565dd\" data-element_type=\"container\">\n\t\t\t\t<div class=\"elementor-element elementor-element-4620a021 elementor-position-top elementor-widget elementor-widget-image-box\" data-id=\"4620a021\" data-element_type=\"widget\" data-widget_type=\"image-box.default\">\n\t\t\t\t<div class=\"elementor-widget-container\">\n\t\t\t\t\t<div class=\"elementor-image-box-wrapper\"><figure class=\"elementor-image-box-img\"><img decoding=\"async\" width=\"560\" height=\"322\" src=\"https:\/\/tqcamera.com\/wp-content\/uploads\/2025\/03\/tuqiang-wulian3.webp\" class=\"attachment-full size-full wp-image-1239\" alt=\"\" srcset=\"https:\/\/tqcamera.com\/wp-content\/uploads\/2025\/03\/tuqiang-wulian3.webp 560w, https:\/\/tqcamera.com\/wp-content\/uploads\/2025\/03\/tuqiang-wulian3-300x173.webp 300w\" sizes=\"(max-width: 560px) 100vw, 560px\" \/><\/figure><div class=\"elementor-image-box-content\"><h3 class=\"elementor-image-box-title\">Personal de Tuqiang<\/h3><\/div><\/div>\t\t\t\t<\/div>\n\t\t\t\t<\/div>\n\t\t\t\t<\/div>\n\t\t\t\t<\/div>\n\t\t<div class=\"elementor-element elementor-element-441d77 e-con-full e-flex e-con e-child\" data-id=\"441d77\" data-element_type=\"container\">\n\t\t<div class=\"elementor-element elementor-element-71de1ea6 e-con-full e-flex e-con e-child\" data-id=\"71de1ea6\" data-element_type=\"container\">\n\t\t\t\t<div class=\"elementor-element elementor-element-46881363 elementor-position-top elementor-widget elementor-widget-image-box\" data-id=\"46881363\" data-element_type=\"widget\" data-widget_type=\"image-box.default\">\n\t\t\t\t<div class=\"elementor-widget-container\">\n\t\t\t\t\t<div class=\"elementor-image-box-wrapper\"><figure class=\"elementor-image-box-img\"><img loading=\"lazy\" decoding=\"async\" width=\"560\" height=\"322\" src=\"https:\/\/tqcamera.com\/wp-content\/uploads\/2025\/03\/tuqiang-wulian4.webp\" class=\"attachment-full size-full wp-image-1240\" alt=\"\" srcset=\"https:\/\/tqcamera.com\/wp-content\/uploads\/2025\/03\/tuqiang-wulian4.webp 560w, https:\/\/tqcamera.com\/wp-content\/uploads\/2025\/03\/tuqiang-wulian4-300x173.webp 300w\" sizes=\"(max-width: 560px) 100vw, 560px\" \/><\/figure><div class=\"elementor-image-box-content\"><h3 class=\"elementor-image-box-title\">Factor\u00eda Tuqiang<\/h3><\/div><\/div>\t\t\t\t<\/div>\n\t\t\t\t<\/div>\n\t\t\t\t<\/div>\n\t\t<div class=\"elementor-element elementor-element-74f0f250 e-con-full e-flex e-con e-child\" data-id=\"74f0f250\" data-element_type=\"container\">\n\t\t\t\t<div class=\"elementor-element elementor-element-71b77c65 elementor-position-top elementor-widget elementor-widget-image-box\" data-id=\"71b77c65\" data-element_type=\"widget\" data-widget_type=\"image-box.default\">\n\t\t\t\t<div class=\"elementor-widget-container\">\n\t\t\t\t\t<div class=\"elementor-image-box-wrapper\"><figure class=\"elementor-image-box-img\"><img loading=\"lazy\" decoding=\"async\" width=\"560\" height=\"322\" src=\"https:\/\/tqcamera.com\/wp-content\/uploads\/2025\/03\/Company-team-building-tiny.webp\" class=\"attachment-full size-full wp-image-1095\" alt=\"Company team building\u516c\u53f8\u56e2\u5efa\" srcset=\"https:\/\/tqcamera.com\/wp-content\/uploads\/2025\/03\/Company-team-building-tiny.webp 560w, https:\/\/tqcamera.com\/wp-content\/uploads\/2025\/03\/Company-team-building-tiny-300x173.webp 300w\" sizes=\"(max-width: 560px) 100vw, 560px\" \/><\/figure><div class=\"elementor-image-box-content\"><h3 class=\"elementor-image-box-title\">Creaci\u00f3n de equipos de empresa<\/h3><\/div><\/div>\t\t\t\t<\/div>\n\t\t\t\t<\/div>\n\t\t\t\t<\/div>\n\t\t<div class=\"elementor-element elementor-element-254aadad e-con-full e-flex e-con e-child\" data-id=\"254aadad\" data-element_type=\"container\">\n\t\t\t\t<div class=\"elementor-element elementor-element-3349992b elementor-position-top elementor-widget elementor-widget-image-box\" data-id=\"3349992b\" data-element_type=\"widget\" data-widget_type=\"image-box.default\">\n\t\t\t\t<div class=\"elementor-widget-container\">\n\t\t\t\t\t<div class=\"elementor-image-box-wrapper\"><figure class=\"elementor-image-box-img\"><img loading=\"lazy\" decoding=\"async\" width=\"560\" height=\"322\" src=\"https:\/\/tqcamera.com\/wp-content\/uploads\/2025\/03\/tuqiang-office20250314s.webp\" class=\"attachment-full size-full wp-image-1357\" alt=\"\" srcset=\"https:\/\/tqcamera.com\/wp-content\/uploads\/2025\/03\/tuqiang-office20250314s.webp 560w, https:\/\/tqcamera.com\/wp-content\/uploads\/2025\/03\/tuqiang-office20250314s-300x173.webp 300w\" sizes=\"(max-width: 560px) 100vw, 560px\" \/><\/figure><div class=\"elementor-image-box-content\"><h3 class=\"elementor-image-box-title\">Oficina de Tuqiang<\/h3><\/div><\/div>\t\t\t\t<\/div>\n\t\t\t\t<\/div>\n\t\t\t\t<\/div>\n\t\t\t\t<\/div>\n\t\t\t\t<\/div>\n\t\t\t\t\t<\/div>\n\t\t\t\t<\/div>\n\t\t<div class=\"elementor-element elementor-element-fafd353 e-flex e-con-boxed e-con e-parent\" data-id=\"fafd353\" data-element_type=\"container\">\n\t\t\t\t\t<div class=\"e-con-inner\">\n\t\t<div class=\"elementor-element elementor-element-52193b9 e-con-full e-flex e-con e-child\" data-id=\"52193b9\" data-element_type=\"container\">\n\t\t\t\t<div class=\"elementor-element elementor-element-7fd8ca1 elementor-widget elementor-widget-image\" data-id=\"7fd8ca1\" data-element_type=\"widget\" data-widget_type=\"image.default\">\n\t\t\t\t<div class=\"elementor-widget-container\">\n\t\t\t\t\t\t\t\t\t\t\t\t\t\t\t<img decoding=\"async\" src=\"https:\/\/tqcamera.com\/wp-content\/uploads\/elementor\/thumbs\/tuqiang-banner2s-r2wbedstb64y3xatfa1b0npm43x91kg9es2wj8o3uw.webp\" title=\"tuqiang banner2s\" alt=\"tuqiang banner2s\" loading=\"lazy\" \/>\t\t\t\t\t\t\t\t\t\t\t\t\t\t\t<\/div>\n\t\t\t\t<\/div>\n\t\t\t\t<\/div>\n\t\t<div class=\"elementor-element elementor-element-96f1e47 e-con-full e-flex e-con e-child\" data-id=\"96f1e47\" data-element_type=\"container\">\n\t\t<div class=\"elementor-element elementor-element-1cf3c1b e-con-full e-flex e-con e-child\" data-id=\"1cf3c1b\" data-element_type=\"container\">\n\t\t\t\t<div class=\"elementor-element elementor-element-2da09dd elementor-widget elementor-widget-heading\" data-id=\"2da09dd\" data-element_type=\"widget\" data-widget_type=\"heading.default\">\n\t\t\t\t<div class=\"elementor-widget-container\">\n\t\t\t\t\t<h2 class=\"elementor-heading-title elementor-size-default\">Shenzhen Tuqiang <\/h2>\t\t\t\t<\/div>\n\t\t\t\t<\/div>\n\t\t\t\t<\/div>\n\t\t<div class=\"elementor-element elementor-element-ebbca8c e-con-full e-flex e-con e-child\" data-id=\"ebbca8c\" data-element_type=\"container\">\n\t\t\t\t<div class=\"elementor-element elementor-element-3312436 elementor-widget elementor-widget-text-editor\" data-id=\"3312436\" data-element_type=\"widget\" data-widget_type=\"text-editor.default\">\n\t\t\t\t<div class=\"elementor-widget-container\">\n\t\t\t\t\t\t\t\t\t<p>Desde su creaci\u00f3n, Tuqiang siempre ha desarrollado su negocio en torno a los dos productos principales de hardware inteligente y plataforma IoT. Gracias a su profunda acumulaci\u00f3n de conocimientos t\u00e9cnicos y a su rica experiencia en el sector, la empresa ha desarrollado con \u00e9xito una serie de soluciones de IoT para industrias verticales. Estas soluciones se basan en informaci\u00f3n de localizaci\u00f3n y se utilizan ampliamente en campus seguros, cuidado inteligente de ancianos y gesti\u00f3n de campos.<\/p>\t\t\t\t\t\t\t\t<\/div>\n\t\t\t\t<\/div>\n\t\t\t\t<\/div>\n\t\t\t\t<\/div>\n\t\t\t\t\t<\/div>\n\t\t\t\t<\/div>\n\t\t<div class=\"elementor-element elementor-element-ln4lgqd e-flex e-con-boxed e-con e-parent\" data-id=\"ln4lgqd\" data-element_type=\"container\" data-settings=\"{&quot;background_background&quot;:&quot;classic&quot;}\">\n\t\t\t\t\t<div class=\"e-con-inner\">\n\t\t<div class=\"elementor-element elementor-element-0d15ea1 e-con-full e-flex e-con e-child\" data-id=\"0d15ea1\" data-element_type=\"container\">\n\t\t\t\t<div class=\"elementor-element elementor-element-00d2124 elementor-widget elementor-widget-heading\" data-id=\"00d2124\" data-element_type=\"widget\" data-widget_type=\"heading.default\">\n\t\t\t\t<div class=\"elementor-widget-container\">\n\t\t\t\t\t<h2 class=\"elementor-heading-title elementor-size-default\">Cuente con nosotros para un servicio honesto y de confianza.<\/h2>\t\t\t\t<\/div>\n\t\t\t\t<\/div>\n\t\t\t\t<div class=\"elementor-element elementor-element-30677dc elementor-align-center elementor-widget elementor-widget-button\" data-id=\"30677dc\" data-element_type=\"widget\" data-widget_type=\"button.default\">\n\t\t\t\t<div class=\"elementor-widget-container\">\n\t\t\t\t\t\t\t\t\t<div class=\"elementor-button-wrapper\">\n\t\t\t\t\t<a class=\"elementor-button elementor-button-link elementor-size-sm\" href=\"https:\/\/tqcamera.com\/es\/contact-us\/\">\n\t\t\t\t\t\t<span class=\"elementor-button-content-wrapper\">\n\t\t\t\t\t\t\t\t\t<span class=\"elementor-button-text\">Env\u00edenos un correo electr\u00f3nico<\/span>\n\t\t\t\t\t<\/span>\n\t\t\t\t\t<\/a>\n\t\t\t\t<\/div>\n\t\t\t\t\t\t\t\t<\/div>\n\t\t\t\t<\/div>\n\t\t\t\t<\/div>\n\t\t\t\t\t<\/div>\n\t\t\t\t<\/div>\n\t\t\t\t<\/div>","protected":false},"excerpt":{"rendered":"<p>Company Environment Shenzhen Tuqiang IoT Technology Co., Ltd. (Tuqiang), as a leader in the field of IoT technology, focuses on location-based cloud-to-end solutions. The company is unique in the IoT industry with its strong software and hardware R&amp;D capabilities. Tuqiang&#8217;s founders and core team members have more than 20 years of experience in the IoT [&hellip;]<\/p>","protected":false},"author":1,"featured_media":0,"parent":0,"menu_order":0,"comment_status":"closed","ping_status":"closed","template":"","meta":{"_surecart_dashboard_logo_width":"180px","_surecart_dashboard_show_logo":true,"_surecart_dashboard_navigation_orders":true,"_surecart_dashboard_navigation_invoices":true,"_surecart_dashboard_navigation_subscriptions":true,"_surecart_dashboard_navigation_downloads":true,"_surecart_dashboard_navigation_billing":true,"_surecart_dashboard_navigation_account":true,"_uag_custom_page_level_css":"","site-sidebar-layout":"no-sidebar","site-content-layout":"page-builder","ast-site-content-layout":"full-width-container","site-content-style":"default","site-sidebar-style":"default","ast-global-header-display":"","ast-banner-title-visibility":"","ast-main-header-display":"","ast-hfb-above-header-display":"","ast-hfb-below-header-display":"","ast-hfb-mobile-header-display":"","site-post-title":"disabled","ast-breadcrumbs-content":"","ast-featured-img":"disabled","footer-sml-layout":"","theme-transparent-header-meta":"","adv-header-id-meta":"","stick-header-meta":"","header-above-stick-meta":"","header-main-stick-meta":"","header-below-stick-meta":"","astra-migrate-meta-layouts":"set","ast-page-background-enabled":"default","ast-page-background-meta":{"desktop":{"background-color":"","background-image":"","background-repeat":"repeat","background-position":"center center","background-size":"auto","background-attachment":"scroll","background-type":"","background-media":"","overlay-type":"","overlay-color":"","overlay-opacity":"","overlay-gradient":""},"tablet":{"background-color":"","background-image":"","background-repeat":"repeat","background-position":"center center","background-size":"auto","background-attachment":"scroll","background-type":"","background-media":"","overlay-type":"","overlay-color":"","overlay-opacity":"","overlay-gradient":""},"mobile":{"background-color":"","background-image":"","background-repeat":"repeat","background-position":"center center","background-size":"auto","background-attachment":"scroll","background-type":"","background-media":"","overlay-type":"","overlay-color":"","overlay-opacity":"","overlay-gradient":""}},"ast-content-background-meta":{"desktop":{"background-color":"var(--ast-global-color-5)","background-image":"","background-repeat":"repeat","background-position":"center center","background-size":"auto","background-attachment":"scroll","background-type":"","background-media":"","overlay-type":"","overlay-color":"","overlay-opacity":"","overlay-gradient":""},"tablet":{"background-color":"var(--ast-global-color-5)","background-image":"","background-repeat":"repeat","background-position":"center center","background-size":"auto","background-attachment":"scroll","background-type":"","background-media":"","overlay-type":"","overlay-color":"","overlay-opacity":"","overlay-gradient":""},"mobile":{"background-color":"var(--ast-global-color-5)","background-image":"","background-repeat":"repeat","background-position":"center center","background-size":"auto","background-attachment":"scroll","background-type":"","background-media":"","overlay-type":"","overlay-color":"","overlay-opacity":"","overlay-gradient":""}},"footnotes":""},"class_list":["post-1909","page","type-page","status-publish","hentry"],"uagb_featured_image_src":{"full":false,"thumbnail":false,"medium":false,"medium_large":false,"large":false,"1536x1536":false,"2048x2048":false,"trp-custom-language-flag":false,"woocommerce_thumbnail":false,"woocommerce_single":false,"woocommerce_gallery_thumbnail":false},"uagb_author_info":{"display_name":"Ichunsheng316@gmail.com","author_link":"https:\/\/tqcamera.com\/es\/author\/ichunsheng316gmail-com\/"},"uagb_comment_info":0,"uagb_excerpt":"Company Environment Shenzhen Tuqiang IoT Technology Co., Ltd. (Tuqiang), as a leader in the field of IoT technology, focuses on location-based cloud-to-end solutions. The company is unique in the IoT industry with its strong software and hardware R&amp;D capabilities. Tuqiang&#8217;s founders and core team members have more than 20 years of experience in the IoT&hellip;","_links":{"self":[{"href":"https:\/\/tqcamera.com\/es\/wp-json\/wp\/v2\/pages\/1909","targetHints":{"allow":["GET"]}}],"collection":[{"href":"https:\/\/tqcamera.com\/es\/wp-json\/wp\/v2\/pages"}],"about":[{"href":"https:\/\/tqcamera.com\/es\/wp-json\/wp\/v2\/types\/page"}],"author":[{"embeddable":true,"href":"https:\/\/tqcamera.com\/es\/wp-json\/wp\/v2\/users\/1"}],"replies":[{"embeddable":true,"href":"https:\/\/tqcamera.com\/es\/wp-json\/wp\/v2\/comments?post=1909"}],"version-history":[{"count":28,"href":"https:\/\/tqcamera.com\/es\/wp-json\/wp\/v2\/pages\/1909\/revisions"}],"predecessor-version":[{"id":2432,"href":"https:\/\/tqcamera.com\/es\/wp-json\/wp\/v2\/pages\/1909\/revisions\/2432"}],"wp:attachment":[{"href":"https:\/\/tqcamera.com\/es\/wp-json\/wp\/v2\/media?parent=1909"}],"curies":[{"name":"wp","href":"https:\/\/api.w.org\/{rel}","templated":true}]}}