{"id":2769,"date":"2025-04-29T12:53:50","date_gmt":"2025-04-29T12:53:50","guid":{"rendered":"https:\/\/tqcamera.com\/?post_type=product&#038;p=2769"},"modified":"2025-04-29T12:57:35","modified_gmt":"2025-04-29T12:57:35","slug":"4g-smart-safety-helmet","status":"publish","type":"product","link":"https:\/\/tqcamera.com\/es\/producto\/4g-smart-safety-helmet\/","title":{"rendered":"Casco de seguridad inteligente 4G"},"content":{"rendered":"<div>\n<h2 class=\"css-146c3p1 r-bcqeeo r-1ttztb7 r-qvutc0 r-37j5jr r-a023e6 r-16dba41 r-1adg3ll r-1b5gpbm r-a8ghvy\" dir=\"ltr\"><span class=\"css-1jxf684 r-bcqeeo r-1ttztb7 r-qvutc0 r-poiln3\"><span class=\"css-1jxf684 r-bcqeeo r-1ttztb7 r-qvutc0 r-poiln3 r-a8ghvy\">Las caracter\u00edsticas clave incluyen:<\/span><\/span><\/h2>\n<ul dir=\"ltr\">\n<li>\n<div class=\"css-146c3p1 r-bcqeeo r-1ttztb7 r-qvutc0 r-37j5jr r-a023e6 r-rjixqe r-16dba41\" dir=\"ltr\"><span class=\"css-1jxf684 r-bcqeeo r-1ttztb7 r-qvutc0 r-poiln3 r-b88u0q r-a8ghvy\"><span class=\"css-1jxf684 r-bcqeeo r-1ttztb7 r-qvutc0 r-poiln3\"><span class=\"css-1jxf684 r-bcqeeo r-1ttztb7 r-qvutc0 r-poiln3 r-a8ghvy\">Grabaci\u00f3n de v\u00eddeo y almacenamiento local<\/span><\/span><\/span><span class=\"css-1jxf684 r-bcqeeo r-1ttztb7 r-qvutc0 r-poiln3 r-a8ghvy\"><span class=\"css-1jxf684 r-bcqeeo r-1ttztb7 r-qvutc0 r-poiln3\">: Codificaci\u00f3n H.265, hasta 128 GB de almacenamiento. <\/span><\/span><\/div>\n<\/li>\n<li>\n<div class=\"css-146c3p1 r-bcqeeo r-1ttztb7 r-qvutc0 r-37j5jr r-a023e6 r-rjixqe r-16dba41\" dir=\"ltr\"><span class=\"css-1jxf684 r-bcqeeo r-1ttztb7 r-qvutc0 r-poiln3 r-b88u0q r-a8ghvy\"><span class=\"css-1jxf684 r-bcqeeo r-1ttztb7 r-qvutc0 r-poiln3\"><span class=\"css-1jxf684 r-bcqeeo r-1ttztb7 r-qvutc0 r-poiln3 r-a8ghvy\">Carga de im\u00e1genes en tiempo real<\/span><\/span><\/span><span class=\"css-1jxf684 r-bcqeeo r-1ttztb7 r-qvutc0 r-poiln3 r-a8ghvy\"><span class=\"css-1jxf684 r-bcqeeo r-1ttztb7 r-qvutc0 r-poiln3\">: Latencia &lt;500 ms a trav\u00e9s de 4G\/LTE. <\/span><\/span><\/div>\n<\/li>\n<li>\n<div class=\"css-146c3p1 r-bcqeeo r-1ttztb7 r-qvutc0 r-37j5jr r-a023e6 r-rjixqe r-16dba41\" dir=\"ltr\"><span class=\"css-1jxf684 r-bcqeeo r-1ttztb7 r-qvutc0 r-poiln3 r-b88u0q r-a8ghvy\"><span class=\"css-1jxf684 r-bcqeeo r-1ttztb7 r-qvutc0 r-poiln3\"><span class=\"css-1jxf684 r-bcqeeo r-1ttztb7 r-qvutc0 r-poiln3 r-a8ghvy\">Coordinaci\u00f3n de despachos e interfon\u00eda digital<\/span><\/span><\/span><span class=\"css-1jxf684 r-bcqeeo r-1ttztb7 r-qvutc0 r-poiln3 r-a8ghvy\"><span class=\"css-1jxf684 r-bcqeeo r-1ttztb7 r-qvutc0 r-poiln3\">: Compatible con los est\u00e1ndares de comunicaci\u00f3n TETRA. <\/span><\/span><\/div>\n<\/li>\n<li>\n<div class=\"css-146c3p1 r-bcqeeo r-1ttztb7 r-qvutc0 r-37j5jr r-a023e6 r-rjixqe r-16dba41\" dir=\"ltr\"><span class=\"css-1jxf684 r-bcqeeo r-1ttztb7 r-qvutc0 r-poiln3 r-b88u0q r-a8ghvy\"><span class=\"css-1jxf684 r-bcqeeo r-1ttztb7 r-qvutc0 r-poiln3\"><span class=\"css-1jxf684 r-bcqeeo r-1ttztb7 r-qvutc0 r-poiln3 r-a8ghvy\">Iluminaci\u00f3n de visi\u00f3n nocturna<\/span><\/span><\/span><span class=\"css-1jxf684 r-bcqeeo r-1ttztb7 r-qvutc0 r-poiln3 r-a8ghvy\"><span class=\"css-1jxf684 r-bcqeeo r-1ttztb7 r-qvutc0 r-poiln3\">: Conjunto de LED con clasificaci\u00f3n IP67 para condiciones de poca luz. <\/span><\/span><\/div>\n<\/li>\n<li>\n<div class=\"css-146c3p1 r-bcqeeo r-1ttztb7 r-qvutc0 r-37j5jr r-a023e6 r-rjixqe r-16dba41\" dir=\"ltr\"><span class=\"css-1jxf684 r-bcqeeo r-1ttztb7 r-qvutc0 r-poiln3 r-b88u0q r-a8ghvy\"><span class=\"css-1jxf684 r-bcqeeo r-1ttztb7 r-qvutc0 r-poiln3\"><span class=\"css-1jxf684 r-bcqeeo r-1ttztb7 r-qvutc0 r-poiln3 r-a8ghvy\">Sistema de guiado l\u00e1ser<\/span><\/span><\/span><span class=\"css-1jxf684 r-bcqeeo r-1ttztb7 r-qvutc0 r-poiln3 r-a8ghvy\"><span class=\"css-1jxf684 r-bcqeeo r-1ttztb7 r-qvutc0 r-poiln3\">: L\u00e1ser de clase II, longitud de onda de 650 nm. <\/span><\/span><\/div>\n<\/li>\n<li>\n<div class=\"css-146c3p1 r-bcqeeo r-1ttztb7 r-qvutc0 r-37j5jr r-a023e6 r-rjixqe r-16dba41\" dir=\"ltr\"><span class=\"css-1jxf684 r-bcqeeo r-1ttztb7 r-qvutc0 r-poiln3 r-b88u0q r-a8ghvy\"><span class=\"css-1jxf684 r-bcqeeo r-1ttztb7 r-qvutc0 r-poiln3\"><span class=\"css-1jxf684 r-bcqeeo r-1ttztb7 r-qvutc0 r-poiln3 r-a8ghvy\">Alerta de peligro el\u00e9ctrico por proximidad<\/span><\/span><\/span><span class=\"css-1jxf684 r-bcqeeo r-1ttztb7 r-qvutc0 r-poiln3 r-a8ghvy\"><span class=\"css-1jxf684 r-bcqeeo r-1ttztb7 r-qvutc0 r-poiln3\">: Detecta de 10 kV a 500 kV, dise\u00f1ado para operaciones en redes el\u00e9ctricas.<\/span><\/span><\/div>\n<\/li>\n<\/ul>\n<h2 class=\"css-146c3p1 r-bcqeeo r-1ttztb7 r-qvutc0 r-37j5jr r-a023e6 r-16dba41 r-1adg3ll r-1b5gpbm r-a8ghvy\" dir=\"ltr\"><span class=\"css-1jxf684 r-bcqeeo r-1ttztb7 r-qvutc0 r-poiln3\"><span class=\"css-1jxf684 r-bcqeeo r-1ttztb7 r-qvutc0 r-poiln3 r-b88u0q r-a8ghvy\"><span class=\"css-1jxf684 r-bcqeeo r-1ttztb7 r-qvutc0 r-poiln3 r-a8ghvy\">Plataforma de gesti\u00f3n integrada<\/span><\/span><\/span><\/h2>\n<div class=\"css-146c3p1 r-bcqeeo r-1ttztb7 r-qvutc0 r-37j5jr r-a023e6 r-16dba41 r-1adg3ll r-1b5gpbm r-a8ghvy\" dir=\"ltr\"><span class=\"css-1jxf684 r-bcqeeo r-1ttztb7 r-qvutc0 r-poiln3\"><br \/>\n<span class=\"css-1jxf684 r-bcqeeo r-1ttztb7 r-qvutc0 r-poiln3 r-a8ghvy\">El casco se integra con el software de gesti\u00f3n de operaciones de audio y v\u00eddeo unificadas, lo que permite:<\/span><\/span><\/div>\n<ul dir=\"ltr\">\n<li>\n<div class=\"css-146c3p1 r-bcqeeo r-1ttztb7 r-qvutc0 r-37j5jr r-a023e6 r-rjixqe r-16dba41\" dir=\"ltr\"><span class=\"css-1jxf684 r-bcqeeo r-1ttztb7 r-qvutc0 r-poiln3 r-b88u0q r-a8ghvy\"><span class=\"css-1jxf684 r-bcqeeo r-1ttztb7 r-qvutc0 r-poiln3\"><span class=\"css-1jxf684 r-bcqeeo r-1ttztb7 r-qvutc0 r-poiln3 r-a8ghvy\">Transmisi\u00f3n sincronizada de v\u00eddeo y audio en tiempo real<\/span><\/span><\/span><span class=\"css-1jxf684 r-bcqeeo r-1ttztb7 r-qvutc0 r-poiln3 r-a8ghvy\"><span class=\"css-1jxf684 r-bcqeeo r-1ttztb7 r-qvutc0 r-poiln3\">: Conecta dispositivos de campo y centros de control mediante el protocolo WebRTC. <\/span><\/span><\/div>\n<\/li>\n<li>\n<div class=\"css-146c3p1 r-bcqeeo r-1ttztb7 r-qvutc0 r-37j5jr r-a023e6 r-rjixqe r-16dba41\" dir=\"ltr\"><span class=\"css-1jxf684 r-bcqeeo r-1ttztb7 r-qvutc0 r-poiln3 r-b88u0q r-a8ghvy\"><span class=\"css-1jxf684 r-bcqeeo r-1ttztb7 r-qvutc0 r-poiln3\"><span class=\"css-1jxf684 r-bcqeeo r-1ttztb7 r-qvutc0 r-poiln3 r-a8ghvy\">Guiado a distancia asistido por RA<\/span><\/span><\/span><span class=\"css-1jxf684 r-bcqeeo r-1ttztb7 r-qvutc0 r-poiln3 r-a8ghvy\"><span class=\"css-1jxf684 r-bcqeeo r-1ttztb7 r-qvutc0 r-poiln3\">: Admite realidad aumentada para asistencia sobre el terreno dirigida por expertos. <\/span><\/span><\/div>\n<\/li>\n<li>\n<div class=\"css-146c3p1 r-bcqeeo r-1ttztb7 r-qvutc0 r-37j5jr r-a023e6 r-rjixqe r-16dba41\" dir=\"ltr\"><span class=\"css-1jxf684 r-bcqeeo r-1ttztb7 r-qvutc0 r-poiln3 r-b88u0q r-a8ghvy\"><span class=\"css-1jxf684 r-bcqeeo r-1ttztb7 r-qvutc0 r-poiln3\"><span class=\"css-1jxf684 r-bcqeeo r-1ttztb7 r-qvutc0 r-poiln3 r-a8ghvy\">Gesti\u00f3n de personal visualizada<\/span><\/span><\/span><span class=\"css-1jxf684 r-bcqeeo r-1ttztb7 r-qvutc0 r-poiln3 r-a8ghvy\"><span class=\"css-1jxf684 r-bcqeeo r-1ttztb7 r-qvutc0 r-poiln3\">: Proporciona cartograf\u00eda GIS y supervisi\u00f3n del cumplimiento de los EPI. <\/span><\/span><\/div>\n<\/li>\n<li>\n<div class=\"css-146c3p1 r-bcqeeo r-1ttztb7 r-qvutc0 r-37j5jr r-a023e6 r-rjixqe r-16dba41\" dir=\"ltr\"><span class=\"css-1jxf684 r-bcqeeo r-1ttztb7 r-qvutc0 r-poiln3 r-b88u0q r-a8ghvy\"><span class=\"css-1jxf684 r-bcqeeo r-1ttztb7 r-qvutc0 r-poiln3\"><span class=\"css-1jxf684 r-bcqeeo r-1ttztb7 r-qvutc0 r-poiln3 r-a8ghvy\">An\u00e1lisis de riesgos basados en IA<\/span><\/span><\/span><span class=\"css-1jxf684 r-bcqeeo r-1ttztb7 r-qvutc0 r-poiln3 r-a8ghvy\"><span class=\"css-1jxf684 r-bcqeeo r-1ttztb7 r-qvutc0 r-poiln3\">: Incluye m\u00f3dulos de seguridad conformes con OSHA\/NFPA 70E.<\/span><\/span><\/div>\n<\/li>\n<\/ul>\n<p><img fetchpriority=\"high\" decoding=\"async\" class=\"alignnone wp-image-2772\" src=\"https:\/\/tqcamera.com\/wp-content\/uploads\/2025\/04\/4G-Smart-Safety-Helmet-01.webp\" alt=\"\" width=\"1500\" height=\"2180\" srcset=\"https:\/\/tqcamera.com\/wp-content\/uploads\/2025\/04\/4G-Smart-Safety-Helmet-01.webp 790w, https:\/\/tqcamera.com\/wp-content\/uploads\/2025\/04\/4G-Smart-Safety-Helmet-01-206x300.webp 206w, https:\/\/tqcamera.com\/wp-content\/uploads\/2025\/04\/4G-Smart-Safety-Helmet-01-705x1024.webp 705w, https:\/\/tqcamera.com\/wp-content\/uploads\/2025\/04\/4G-Smart-Safety-Helmet-01-768x1116.webp 768w, https:\/\/tqcamera.com\/wp-content\/uploads\/2025\/04\/4G-Smart-Safety-Helmet-01-8x12.webp 8w, https:\/\/tqcamera.com\/wp-content\/uploads\/2025\/04\/4G-Smart-Safety-Helmet-01-300x436.webp 300w, https:\/\/tqcamera.com\/wp-content\/uploads\/2025\/04\/4G-Smart-Safety-Helmet-01-600x872.webp 600w\" sizes=\"(max-width: 1500px) 100vw, 1500px\" \/> <img decoding=\"async\" class=\"alignnone wp-image-2773\" src=\"https:\/\/tqcamera.com\/wp-content\/uploads\/2025\/04\/4G-Smart-Safety-Helmet-2.webp\" alt=\"\" width=\"1500\" height=\"1904\" srcset=\"https:\/\/tqcamera.com\/wp-content\/uploads\/2025\/04\/4G-Smart-Safety-Helmet-2.webp 790w, https:\/\/tqcamera.com\/wp-content\/uploads\/2025\/04\/4G-Smart-Safety-Helmet-2-236x300.webp 236w, https:\/\/tqcamera.com\/wp-content\/uploads\/2025\/04\/4G-Smart-Safety-Helmet-2-768x975.webp 768w, https:\/\/tqcamera.com\/wp-content\/uploads\/2025\/04\/4G-Smart-Safety-Helmet-2-9x12.webp 9w, https:\/\/tqcamera.com\/wp-content\/uploads\/2025\/04\/4G-Smart-Safety-Helmet-2-300x381.webp 300w, https:\/\/tqcamera.com\/wp-content\/uploads\/2025\/04\/4G-Smart-Safety-Helmet-2-600x762.webp 600w\" sizes=\"(max-width: 1500px) 100vw, 1500px\" \/> <img decoding=\"async\" class=\"alignnone wp-image-2774\" src=\"https:\/\/tqcamera.com\/wp-content\/uploads\/2025\/04\/4G-Smart-Safety-Helmet-3.webp\" alt=\"\" width=\"1500\" height=\"2791\" srcset=\"https:\/\/tqcamera.com\/wp-content\/uploads\/2025\/04\/4G-Smart-Safety-Helmet-3.webp 790w, https:\/\/tqcamera.com\/wp-content\/uploads\/2025\/04\/4G-Smart-Safety-Helmet-3-161x300.webp 161w, https:\/\/tqcamera.com\/wp-content\/uploads\/2025\/04\/4G-Smart-Safety-Helmet-3-550x1024.webp 550w, https:\/\/tqcamera.com\/wp-content\/uploads\/2025\/04\/4G-Smart-Safety-Helmet-3-768x1429.webp 768w, https:\/\/tqcamera.com\/wp-content\/uploads\/2025\/04\/4G-Smart-Safety-Helmet-3-6x12.webp 6w, https:\/\/tqcamera.com\/wp-content\/uploads\/2025\/04\/4G-Smart-Safety-Helmet-3-300x558.webp 300w, https:\/\/tqcamera.com\/wp-content\/uploads\/2025\/04\/4G-Smart-Safety-Helmet-3-600x1116.webp 600w\" sizes=\"(max-width: 1500px) 100vw, 1500px\" \/> <img loading=\"lazy\" decoding=\"async\" class=\"alignnone wp-image-2775\" src=\"https:\/\/tqcamera.com\/wp-content\/uploads\/2025\/04\/4G-Smart-Safety-Helmet-4.webp\" alt=\"\" width=\"1500\" height=\"2580\" srcset=\"https:\/\/tqcamera.com\/wp-content\/uploads\/2025\/04\/4G-Smart-Safety-Helmet-4.webp 790w, https:\/\/tqcamera.com\/wp-content\/uploads\/2025\/04\/4G-Smart-Safety-Helmet-4-174x300.webp 174w, https:\/\/tqcamera.com\/wp-content\/uploads\/2025\/04\/4G-Smart-Safety-Helmet-4-595x1024.webp 595w, https:\/\/tqcamera.com\/wp-content\/uploads\/2025\/04\/4G-Smart-Safety-Helmet-4-768x1321.webp 768w, https:\/\/tqcamera.com\/wp-content\/uploads\/2025\/04\/4G-Smart-Safety-Helmet-4-7x12.webp 7w, https:\/\/tqcamera.com\/wp-content\/uploads\/2025\/04\/4G-Smart-Safety-Helmet-4-300x516.webp 300w, https:\/\/tqcamera.com\/wp-content\/uploads\/2025\/04\/4G-Smart-Safety-Helmet-4-600x1032.webp 600w\" sizes=\"(max-width: 1500px) 100vw, 1500px\" \/> <img loading=\"lazy\" decoding=\"async\" class=\"alignnone wp-image-2776\" src=\"https:\/\/tqcamera.com\/wp-content\/uploads\/2025\/04\/4G-Smart-Safety-Helmet-5.webp\" alt=\"\" width=\"1500\" height=\"2478\" srcset=\"https:\/\/tqcamera.com\/wp-content\/uploads\/2025\/04\/4G-Smart-Safety-Helmet-5.webp 790w, https:\/\/tqcamera.com\/wp-content\/uploads\/2025\/04\/4G-Smart-Safety-Helmet-5-182x300.webp 182w, https:\/\/tqcamera.com\/wp-content\/uploads\/2025\/04\/4G-Smart-Safety-Helmet-5-620x1024.webp 620w, https:\/\/tqcamera.com\/wp-content\/uploads\/2025\/04\/4G-Smart-Safety-Helmet-5-768x1269.webp 768w, https:\/\/tqcamera.com\/wp-content\/uploads\/2025\/04\/4G-Smart-Safety-Helmet-5-7x12.webp 7w, https:\/\/tqcamera.com\/wp-content\/uploads\/2025\/04\/4G-Smart-Safety-Helmet-5-300x496.webp 300w, https:\/\/tqcamera.com\/wp-content\/uploads\/2025\/04\/4G-Smart-Safety-Helmet-5-600x991.webp 600w\" sizes=\"(max-width: 1500px) 100vw, 1500px\" \/> <img loading=\"lazy\" decoding=\"async\" class=\"alignnone wp-image-2777\" src=\"https:\/\/tqcamera.com\/wp-content\/uploads\/2025\/04\/4G-Smart-Safety-Helmet-6.webp\" alt=\"\" width=\"1500\" height=\"2639\" srcset=\"https:\/\/tqcamera.com\/wp-content\/uploads\/2025\/04\/4G-Smart-Safety-Helmet-6.webp 790w, https:\/\/tqcamera.com\/wp-content\/uploads\/2025\/04\/4G-Smart-Safety-Helmet-6-171x300.webp 171w, https:\/\/tqcamera.com\/wp-content\/uploads\/2025\/04\/4G-Smart-Safety-Helmet-6-582x1024.webp 582w, https:\/\/tqcamera.com\/wp-content\/uploads\/2025\/04\/4G-Smart-Safety-Helmet-6-768x1351.webp 768w, https:\/\/tqcamera.com\/wp-content\/uploads\/2025\/04\/4G-Smart-Safety-Helmet-6-7x12.webp 7w, https:\/\/tqcamera.com\/wp-content\/uploads\/2025\/04\/4G-Smart-Safety-Helmet-6-300x528.webp 300w, https:\/\/tqcamera.com\/wp-content\/uploads\/2025\/04\/4G-Smart-Safety-Helmet-6-600x1056.webp 600w\" sizes=\"(max-width: 1500px) 100vw, 1500px\" \/> <img loading=\"lazy\" decoding=\"async\" class=\"alignnone wp-image-2778\" src=\"https:\/\/tqcamera.com\/wp-content\/uploads\/2025\/04\/4G-Smart-Safety-Helmet-7.webp\" alt=\"\" width=\"1500\" height=\"3581\" srcset=\"https:\/\/tqcamera.com\/wp-content\/uploads\/2025\/04\/4G-Smart-Safety-Helmet-7.webp 790w, https:\/\/tqcamera.com\/wp-content\/uploads\/2025\/04\/4G-Smart-Safety-Helmet-7-126x300.webp 126w, https:\/\/tqcamera.com\/wp-content\/uploads\/2025\/04\/4G-Smart-Safety-Helmet-7-429x1024.webp 429w, https:\/\/tqcamera.com\/wp-content\/uploads\/2025\/04\/4G-Smart-Safety-Helmet-7-768x1833.webp 768w, https:\/\/tqcamera.com\/wp-content\/uploads\/2025\/04\/4G-Smart-Safety-Helmet-7-643x1536.webp 643w, https:\/\/tqcamera.com\/wp-content\/uploads\/2025\/04\/4G-Smart-Safety-Helmet-7-5x12.webp 5w, https:\/\/tqcamera.com\/wp-content\/uploads\/2025\/04\/4G-Smart-Safety-Helmet-7-300x716.webp 300w, https:\/\/tqcamera.com\/wp-content\/uploads\/2025\/04\/4G-Smart-Safety-Helmet-7-600x1432.webp 600w\" sizes=\"(max-width: 1500px) 100vw, 1500px\" \/> <img loading=\"lazy\" decoding=\"async\" class=\"alignnone wp-image-2779\" src=\"https:\/\/tqcamera.com\/wp-content\/uploads\/2025\/04\/4G-Smart-Safety-Helmet-8.webp\" alt=\"\" width=\"1500\" height=\"3156\" srcset=\"https:\/\/tqcamera.com\/wp-content\/uploads\/2025\/04\/4G-Smart-Safety-Helmet-8.webp 790w, https:\/\/tqcamera.com\/wp-content\/uploads\/2025\/04\/4G-Smart-Safety-Helmet-8-143x300.webp 143w, https:\/\/tqcamera.com\/wp-content\/uploads\/2025\/04\/4G-Smart-Safety-Helmet-8-487x1024.webp 487w, https:\/\/tqcamera.com\/wp-content\/uploads\/2025\/04\/4G-Smart-Safety-Helmet-8-768x1616.webp 768w, https:\/\/tqcamera.com\/wp-content\/uploads\/2025\/04\/4G-Smart-Safety-Helmet-8-730x1536.webp 730w, https:\/\/tqcamera.com\/wp-content\/uploads\/2025\/04\/4G-Smart-Safety-Helmet-8-6x12.webp 6w, https:\/\/tqcamera.com\/wp-content\/uploads\/2025\/04\/4G-Smart-Safety-Helmet-8-300x631.webp 300w, https:\/\/tqcamera.com\/wp-content\/uploads\/2025\/04\/4G-Smart-Safety-Helmet-8-600x1262.webp 600w\" sizes=\"(max-width: 1500px) 100vw, 1500px\" \/><\/p>\n<\/div>","protected":false},"excerpt":{"rendered":"<h2>Casco de seguridad inteligente<\/h2>\n<p>Un casco avanzado que integra transmisi\u00f3n de im\u00e1genes 4G, sistemas de vigilancia y alarma, y funciones de interfon\u00eda para grupos de trabajo.<\/p>","protected":false},"featured_media":2771,"comment_status":"open","ping_status":"closed","template":"","meta":{"_surecart_dashboard_logo_width":"180px","_surecart_dashboard_show_logo":true,"_surecart_dashboard_navigation_orders":true,"_surecart_dashboard_navigation_invoices":true,"_surecart_dashboard_navigation_subscriptions":true,"_surecart_dashboard_navigation_downloads":true,"_surecart_dashboard_navigation_billing":true,"_surecart_dashboard_navigation_account":true,"_uag_custom_page_level_css":"","site-sidebar-layout":"default","site-content-layout":"","ast-site-content-layout":"default","site-content-style":"default","site-sidebar-style":"default","ast-global-header-display":"","ast-banner-title-visibility":"","ast-main-header-display":"","ast-hfb-above-header-display":"","ast-hfb-below-header-display":"","ast-hfb-mobile-header-display":"","site-post-title":"","ast-breadcrumbs-content":"","ast-featured-img":"","footer-sml-layout":"","theme-transparent-header-meta":"default","adv-header-id-meta":"","stick-header-meta":"","header-above-stick-meta":"","header-main-stick-meta":"","header-below-stick-meta":"","astra-migrate-meta-layouts":"set","ast-page-background-enabled":"default","ast-page-background-meta":{"desktop":{"background-color":"","background-image":"","background-repeat":"repeat","background-position":"center center","background-size":"auto","background-attachment":"scroll","background-type":"","background-media":"","overlay-type":"","overlay-color":"","overlay-opacity":"","overlay-gradient":""},"tablet":{"background-color":"","background-image":"","background-repeat":"repeat","background-position":"center center","background-size":"auto","background-attachment":"scroll","background-type":"","background-media":"","overlay-type":"","overlay-color":"","overlay-opacity":"","overlay-gradient":""},"mobile":{"background-color":"","background-image":"","background-repeat":"repeat","background-position":"center center","background-size":"auto","background-attachment":"scroll","background-type":"","background-media":"","overlay-type":"","overlay-color":"","overlay-opacity":"","overlay-gradient":""}},"ast-content-background-meta":{"desktop":{"background-color":"var(--ast-global-color-5)","background-image":"","background-repeat":"repeat","background-position":"center center","background-size":"auto","background-attachment":"scroll","background-type":"","background-media":"","overlay-type":"","overlay-color":"","overlay-opacity":"","overlay-gradient":""},"tablet":{"background-color":"var(--ast-global-color-5)","background-image":"","background-repeat":"repeat","background-position":"center center","background-size":"auto","background-attachment":"scroll","background-type":"","background-media":"","overlay-type":"","overlay-color":"","overlay-opacity":"","overlay-gradient":""},"mobile":{"background-color":"var(--ast-global-color-5)","background-image":"","background-repeat":"repeat","background-position":"center center","background-size":"auto","background-attachment":"scroll","background-type":"","background-media":"","overlay-type":"","overlay-color":"","overlay-opacity":"","overlay-gradient":""}}},"product_brand":[],"product_cat":[41],"product_tag":[],"class_list":{"0":"post-2769","1":"product","2":"type-product","3":"status-publish","4":"has-post-thumbnail","6":"product_cat-smart-helmet","7":"desktop-align-left","8":"tablet-align-left","9":"mobile-align-left","11":"first","12":"instock","13":"shipping-taxable","14":"product-type-simple"},"uagb_featured_image_src":{"full":["https:\/\/tqcamera.com\/wp-content\/uploads\/2025\/04\/\u667a\u6167\u5b89\u5168\u5e3dwebp01.webp",800,800,false],"thumbnail":["https:\/\/tqcamera.com\/wp-content\/uploads\/2025\/04\/\u667a\u6167\u5b89\u5168\u5e3dwebp01-150x150.webp",150,150,true],"medium":["https:\/\/tqcamera.com\/wp-content\/uploads\/2025\/04\/\u667a\u6167\u5b89\u5168\u5e3dwebp01-300x300.webp",300,300,true],"medium_large":["https:\/\/tqcamera.com\/wp-content\/uploads\/2025\/04\/\u667a\u6167\u5b89\u5168\u5e3dwebp01-768x768.webp",768,768,true],"large":["https:\/\/tqcamera.com\/wp-content\/uploads\/2025\/04\/\u667a\u6167\u5b89\u5168\u5e3dwebp01.webp",800,800,false],"1536x1536":["https:\/\/tqcamera.com\/wp-content\/uploads\/2025\/04\/\u667a\u6167\u5b89\u5168\u5e3dwebp01.webp",800,800,false],"2048x2048":["https:\/\/tqcamera.com\/wp-content\/uploads\/2025\/04\/\u667a\u6167\u5b89\u5168\u5e3dwebp01.webp",800,800,false],"trp-custom-language-flag":["https:\/\/tqcamera.com\/wp-content\/uploads\/2025\/04\/\u667a\u6167\u5b89\u5168\u5e3dwebp01-12x12.webp",12,12,true],"woocommerce_thumbnail":["https:\/\/tqcamera.com\/wp-content\/uploads\/2025\/04\/\u667a\u6167\u5b89\u5168\u5e3dwebp01-300x300.webp",300,300,true],"woocommerce_single":["https:\/\/tqcamera.com\/wp-content\/uploads\/2025\/04\/\u667a\u6167\u5b89\u5168\u5e3dwebp01-600x600.webp",600,600,true],"woocommerce_gallery_thumbnail":["https:\/\/tqcamera.com\/wp-content\/uploads\/2025\/04\/\u667a\u6167\u5b89\u5168\u5e3dwebp01-100x100.webp",100,100,true]},"uagb_author_info":{"display_name":"Ichunsheng316@gmail.com","author_link":"https:\/\/tqcamera.com\/es\/author\/"},"uagb_comment_info":0,"uagb_excerpt":"Smart Safety Helmet An advanced hard hat integrating 4G image transmission, surveillance and alarm systems, and workgroup intercom functionality.","_links":{"self":[{"href":"https:\/\/tqcamera.com\/es\/wp-json\/wp\/v2\/product\/2769","targetHints":{"allow":["GET"]}}],"collection":[{"href":"https:\/\/tqcamera.com\/es\/wp-json\/wp\/v2\/product"}],"about":[{"href":"https:\/\/tqcamera.com\/es\/wp-json\/wp\/v2\/types\/product"}],"replies":[{"embeddable":true,"href":"https:\/\/tqcamera.com\/es\/wp-json\/wp\/v2\/comments?post=2769"}],"wp:featuredmedia":[{"embeddable":true,"href":"https:\/\/tqcamera.com\/es\/wp-json\/wp\/v2\/media\/2771"}],"wp:attachment":[{"href":"https:\/\/tqcamera.com\/es\/wp-json\/wp\/v2\/media?parent=2769"}],"wp:term":[{"taxonomy":"product_brand","embeddable":true,"href":"https:\/\/tqcamera.com\/es\/wp-json\/wp\/v2\/product_brand?post=2769"},{"taxonomy":"product_cat","embeddable":true,"href":"https:\/\/tqcamera.com\/es\/wp-json\/wp\/v2\/product_cat?post=2769"},{"taxonomy":"product_tag","embeddable":true,"href":"https:\/\/tqcamera.com\/es\/wp-json\/wp\/v2\/product_tag?post=2769"}],"curies":[{"name":"wp","href":"https:\/\/api.w.org\/{rel}","templated":true}]}}